{"id":51,"date":"2015-09-28T15:54:03","date_gmt":"2015-09-28T15:54:03","guid":{"rendered":"http:\/\/norrum.se\/?page_id=51"},"modified":"2015-09-28T15:56:12","modified_gmt":"2015-09-28T15:56:12","slug":"hitta-hit","status":"publish","type":"page","link":"https:\/\/norrum.se\/?page_id=51","title":{"rendered":"Hitta hit"},"content":{"rendered":"<p>Se kartorna nedan, du kan \u00e4ven hitta hit med Google maps, s\u00f6k bara p\u00e5 G\u00e5rd Norrum.<br \/>\n<img loading=\"lazy\" decoding=\"async\" class=\"aligncenter wp-image-56 size-full\" src=\"http:\/\/norrum.se\/wp-content\/uploads\/2015\/09\/hittahit.png\" alt=\"hittahit\" width=\"917\" height=\"852\" srcset=\"https:\/\/norrum.se\/wp-content\/uploads\/2015\/09\/hittahit.png 917w, https:\/\/norrum.se\/wp-content\/uploads\/2015\/09\/hittahit-300x279.png 300w\" sizes=\"auto, (max-width: 917px) 100vw, 917px\" \/>\u00a0<a href=\"http:\/\/norrum.se\/wp-content\/uploads\/2015\/09\/hittahit2.png\"><img loading=\"lazy\" decoding=\"async\" class=\"size-large wp-image-55 aligncenter\" src=\"http:\/\/norrum.se\/wp-content\/uploads\/2015\/09\/hittahit2-1024x946.png\" alt=\"hittahit2\" width=\"603\" height=\"557\" srcset=\"https:\/\/norrum.se\/wp-content\/uploads\/2015\/09\/hittahit2-1024x946.png 1024w, https:\/\/norrum.se\/wp-content\/uploads\/2015\/09\/hittahit2-300x277.png 300w, https:\/\/norrum.se\/wp-content\/uploads\/2015\/09\/hittahit2.png 1194w\" sizes=\"auto, (max-width: 603px) 100vw, 603px\" \/><\/a><\/p>\n","protected":false},"excerpt":{"rendered":"<p>Se kartorna nedan, du kan \u00e4ven hitta hit med Google maps, s\u00f6k bara p\u00e5 G\u00e5rd Norrum. \u00a0<\/p>\n","protected":false},"author":2,"featured_media":0,"parent":0,"menu_order":3,"comment_status":"closed","ping_status":"closed","template":"","meta":{"footnotes":""},"class_list":["post-51","page","type-page","status-publish","hentry"],"_links":{"self":[{"href":"https:\/\/norrum.se\/index.php?rest_route=\/wp\/v2\/pages\/51","targetHints":{"allow":["GET"]}}],"collection":[{"href":"https:\/\/norrum.se\/index.php?rest_route=\/wp\/v2\/pages"}],"about":[{"href":"https:\/\/norrum.se\/index.php?rest_route=\/wp\/v2\/types\/page"}],"author":[{"embeddable":true,"href":"https:\/\/norrum.se\/index.php?rest_route=\/wp\/v2\/users\/2"}],"replies":[{"embeddable":true,"href":"https:\/\/norrum.se\/index.php?rest_route=%2Fwp%2Fv2%2Fcomments&post=51"}],"version-history":[{"count":5,"href":"https:\/\/norrum.se\/index.php?rest_route=\/wp\/v2\/pages\/51\/revisions"}],"predecessor-version":[{"id":60,"href":"https:\/\/norrum.se\/index.php?rest_route=\/wp\/v2\/pages\/51\/revisions\/60"}],"wp:attachment":[{"href":"https:\/\/norrum.se\/index.php?rest_route=%2Fwp%2Fv2%2Fmedia&parent=51"}],"curies":[{"name":"wp","href":"https:\/\/api.w.org\/{rel}","templated":true}]}}