{"id":35,"date":"2015-09-19T09:41:24","date_gmt":"2015-09-19T09:41:24","guid":{"rendered":"http:\/\/norrum.se\/?page_id=35"},"modified":"2024-02-26T17:22:53","modified_gmt":"2024-02-26T17:22:53","slug":"om-oss","status":"publish","type":"page","link":"https:\/\/norrum.se\/?page_id=35","title":{"rendered":"Om G\u00e5rd Norrum"},"content":{"rendered":"<p>G\u00e5rden heter Norrum och har f\u00e5tt sitt namn efter sin geografiska placering. Den ligger norr om gravf\u00e4ltet i byn Horn i Hamneda, Ljungby kommun.<\/p>\n<p>G\u00e5rden k\u00f6ptes v\u00e5ren 2014 av Marko &amp; Ellinor Hietaharju<\/p>\n<p>Ellinor \u00e4r fj\u00e4rde generation p\u00e5 g\u00e5rden och hon \u00e4r \u00e4ven driftsansvarig.<\/p>\n<p>Ellinor \u00e4r \u00e4ven godk\u00e4nd f\u00f6r F-skatt<\/p>\n","protected":false},"excerpt":{"rendered":"<p>G\u00e5rden heter Norrum och har f\u00e5tt sitt namn efter sin geografiska placering. Den ligger norr om gravf\u00e4ltet i byn Horn i Hamneda, Ljungby kommun. G\u00e5rden k\u00f6ptes v\u00e5ren 2014 av Marko &amp; Ellinor Hietaharju Ellinor \u00e4r fj\u00e4rde generation p\u00e5 g\u00e5rden och hon \u00e4r \u00e4ven driftsansvarig. Ellinor \u00e4r \u00e4ven godk\u00e4nd f\u00f6r F-skatt<\/p>\n","protected":false},"author":2,"featured_media":0,"parent":0,"menu_order":2,"comment_status":"closed","ping_status":"closed","template":"","meta":{"footnotes":""},"class_list":["post-35","page","type-page","status-publish","hentry"],"_links":{"self":[{"href":"https:\/\/norrum.se\/index.php?rest_route=\/wp\/v2\/pages\/35","targetHints":{"allow":["GET"]}}],"collection":[{"href":"https:\/\/norrum.se\/index.php?rest_route=\/wp\/v2\/pages"}],"about":[{"href":"https:\/\/norrum.se\/index.php?rest_route=\/wp\/v2\/types\/page"}],"author":[{"embeddable":true,"href":"https:\/\/norrum.se\/index.php?rest_route=\/wp\/v2\/users\/2"}],"replies":[{"embeddable":true,"href":"https:\/\/norrum.se\/index.php?rest_route=%2Fwp%2Fv2%2Fcomments&post=35"}],"version-history":[{"count":7,"href":"https:\/\/norrum.se\/index.php?rest_route=\/wp\/v2\/pages\/35\/revisions"}],"predecessor-version":[{"id":156,"href":"https:\/\/norrum.se\/index.php?rest_route=\/wp\/v2\/pages\/35\/revisions\/156"}],"wp:attachment":[{"href":"https:\/\/norrum.se\/index.php?rest_route=%2Fwp%2Fv2%2Fmedia&parent=35"}],"curies":[{"name":"wp","href":"https:\/\/api.w.org\/{rel}","templated":true}]}}