{"id":167,"date":"2025-04-01T17:33:48","date_gmt":"2025-04-01T17:33:48","guid":{"rendered":"https:\/\/norrum.se\/?page_id=167"},"modified":"2025-04-02T17:21:05","modified_gmt":"2025-04-02T17:21:05","slug":"stadgar-horn-ryd-ojes-samfallighetsforening","status":"publish","type":"page","link":"https:\/\/norrum.se\/?page_id=167","title":{"rendered":"Stadgar Horn-Ryd-\u00d6jes samf\u00e4llighetsf\u00f6rening"},"content":{"rendered":"\n<div class=\"wp-block-file alignleft\"><a id=\"wp-block-file--media-a3aaeac9-6f9f-446c-adc6-04ac46e3fa61\" href=\"https:\/\/norrum.se\/wp-content\/uploads\/2025\/04\/Stadgar-Horn-Ryd-Ojes-SMF.pdf\"><p id=\"simple-download-counter-172\" class=\"simple-download-counter\"><a class=\"simple-download-counter-link\" href=\"https:\/\/norrum.se?sdc_download=172&#038;key=axzw0ubb0dji3gh1n55o7iqzopoaug\" title=\"446 downloads\">Klicka h\u00e4r f\u00f6r att ladda ned stadgarna som pdf<\/a><\/p><\/a><\/div>\n\n\n\n<p><\/p>\n\n\n\n<p><\/p>\n","protected":false},"excerpt":{"rendered":"","protected":false},"author":2,"featured_media":0,"parent":0,"menu_order":0,"comment_status":"closed","ping_status":"closed","template":"","meta":{"footnotes":""},"class_list":["post-167","page","type-page","status-publish","hentry"],"_links":{"self":[{"href":"https:\/\/norrum.se\/index.php?rest_route=\/wp\/v2\/pages\/167","targetHints":{"allow":["GET"]}}],"collection":[{"href":"https:\/\/norrum.se\/index.php?rest_route=\/wp\/v2\/pages"}],"about":[{"href":"https:\/\/norrum.se\/index.php?rest_route=\/wp\/v2\/types\/page"}],"author":[{"embeddable":true,"href":"https:\/\/norrum.se\/index.php?rest_route=\/wp\/v2\/users\/2"}],"replies":[{"embeddable":true,"href":"https:\/\/norrum.se\/index.php?rest_route=%2Fwp%2Fv2%2Fcomments&post=167"}],"version-history":[{"count":11,"href":"https:\/\/norrum.se\/index.php?rest_route=\/wp\/v2\/pages\/167\/revisions"}],"predecessor-version":[{"id":184,"href":"https:\/\/norrum.se\/index.php?rest_route=\/wp\/v2\/pages\/167\/revisions\/184"}],"wp:attachment":[{"href":"https:\/\/norrum.se\/index.php?rest_route=%2Fwp%2Fv2%2Fmedia&parent=167"}],"curies":[{"name":"wp","href":"https:\/\/api.w.org\/{rel}","templated":true}]}}